{"id":68,"date":"2021-10-04T13:32:11","date_gmt":"2021-10-04T10:32:11","guid":{"rendered":"https:\/\/k\u00e4ivitusabi.com\/?page_id=68"},"modified":"2024-05-29T12:31:59","modified_gmt":"2024-05-29T09:31:59","slug":"68-2","status":"publish","type":"page","link":"https:\/\/k\u00e4ivitusabi.com\/","title":{"rendered":"K\u00e4ivitusabi Tallinnas ja Harjumaal 24h"},"content":{"rendered":"\n<h3 class=\"wp-block-heading\">K\u00e4ivitusabi Tallinnas ja Harjumaal 24\/7<\/h3>\n\n\n\n<div class=\"wp-block-group alignfull is-style-twentytwentyone-border has-background\" style=\"background-color:#f8f4e4\"><div class=\"wp-block-group__inner-container is-layout-flow wp-block-group-is-layout-flow\">\n<div class=\"wp-block-columns alignwide is-layout-flex wp-container-core-columns-is-layout-9d6595d7 wp-block-columns-is-layout-flex\">\n<div class=\"wp-block-column is-layout-flow wp-block-column-is-layout-flow\">\n<h4 class=\"wp-block-heading has-black-color has-green-background-color has-text-color has-background has-large-font-size\">K\u00c4IVITUSABI 24\/7 12\/24V \ud83d\ude97\ud83d\ude9b\ud83c\udfcd\ud83d\ude9a\ud83d\ude8d\ud83d\ude9c<\/h4>\n\n\n\n<h4 class=\"wp-block-heading has-black-color has-green-background-color has-text-color has-background\">SOODSAIM K\u00c4IVITUSABI TALLINNAS E-R 9.00-16.30 ALATES 27\u20ac\ud83d\ude97\ud83c\udfcd<\/h4>\n\n\n\n<p class=\"has-black-color has-green-background-color has-text-color has-background\"><strong>TASUMINE SULARAHAS V\u00d5I KAARDIMAKSE<\/strong><\/p>\n<\/div>\n<\/div>\n\n\n\n<div class=\"wp-block-columns alignwide is-layout-flex wp-container-core-columns-is-layout-9d6595d7 wp-block-columns-is-layout-flex\">\n<div class=\"wp-block-column is-layout-flow wp-block-column-is-layout-flow\" style=\"flex-basis:33.38%\">\n<p class=\"has-green-background-color has-text-color has-background has-extra-small-font-size\" style=\"color:#000000\"><i>K<\/i>\u00e4ivitusabi on lisavoolu andmine. K\u00e4ivitusabi ei ole autoremont. K\u00e4ivitusabi kutsutakse ka stardiabiks, akuabiks, akupuusteriks. Kui su s\u00f5iduki aku on t\u00fchi, siis v\u00f5ib lisavool ehk k\u00e4ivitusabi aidata.<\/p>\n\n\n\n<div class=\"wp-block-buttons is-layout-flex wp-block-buttons-is-layout-flex\">\n<div class=\"wp-block-button is-style-fill\"><a class=\"wp-block-button__link wp-element-button\" href=\"https:\/\/k\u00e4ivitusabi.com\/?page_id=127\" target=\"_blank\" rel=\"noreferrer noopener\">Autoabi Tallinnas alates 35\u20ac<\/a><\/div>\n\n\n\n<div class=\"wp-block-button\"><a class=\"wp-block-button__link wp-element-button\" href=\"https:\/\/k\u00e4ivitusabi.com\/?page_id=127\" target=\"_blank\" rel=\"noreferrer noopener\">Puksiirabi Tallinnas alates 45\u20ac<\/a><\/div>\n<\/div>\n<\/div>\n\n\n\n<div class=\"wp-block-column is-layout-flow wp-block-column-is-layout-flow\" style=\"flex-basis:33%\">\n<figure class=\"wp-block-gallery has-nested-images columns-default is-cropped wp-block-gallery-1 is-layout-flex wp-block-gallery-is-layout-flex\">\n<figure class=\"wp-block-image size-large\"><img loading=\"lazy\" decoding=\"async\" width=\"300\" height=\"200\" data-id=\"32\" src=\"https:\/\/k\u00e4ivitusabi.com\/wp-content\/uploads\/2021\/10\/Kaivitusabi-300x200-1.jpg\" alt=\"\" class=\"wp-image-32\"\/><figcaption class=\"wp-element-caption\">K\u00e4ivitusabi<\/figcaption><\/figure>\n<\/figure>\n\n\n\n<p><\/p>\n<\/div>\n\n\n\n<div class=\"wp-block-column is-layout-flow wp-block-column-is-layout-flow\" style=\"flex-basis:33.62%\">\n<figure class=\"wp-block-gallery has-nested-images columns-default is-cropped wp-block-gallery-2 is-layout-flex wp-block-gallery-is-layout-flex\">\n<figure class=\"wp-block-image size-large is-style-rounded\"><img loading=\"lazy\" decoding=\"async\" width=\"1024\" height=\"768\" data-id=\"31\" src=\"https:\/\/k\u00e4ivitusabi.com\/wp-content\/uploads\/2021\/10\/IMG_20210802_175420-1024x768.jpg\" alt=\"\" class=\"wp-image-31\" srcset=\"https:\/\/k\u00e4ivitusabi.com\/wp-content\/uploads\/2021\/10\/IMG_20210802_175420-1024x768.jpg 1024w, https:\/\/k\u00e4ivitusabi.com\/wp-content\/uploads\/2021\/10\/IMG_20210802_175420-300x225.jpg 300w, https:\/\/k\u00e4ivitusabi.com\/wp-content\/uploads\/2021\/10\/IMG_20210802_175420-768x576.jpg 768w, https:\/\/k\u00e4ivitusabi.com\/wp-content\/uploads\/2021\/10\/IMG_20210802_175420-1536x1152.jpg 1536w, https:\/\/k\u00e4ivitusabi.com\/wp-content\/uploads\/2021\/10\/IMG_20210802_175420-2048x1536.jpg 2048w, https:\/\/k\u00e4ivitusabi.com\/wp-content\/uploads\/2021\/10\/IMG_20210802_175420-1568x1176.jpg 1568w\" sizes=\"auto, (max-width: 1024px) 100vw, 1024px\" \/><\/figure>\n<\/figure>\n\n\n\n<figure class=\"wp-block-gallery has-nested-images columns-default is-cropped wp-block-gallery-3 is-layout-flex wp-block-gallery-is-layout-flex\">\n<figure class=\"wp-block-image size-large is-style-rounded\"><img loading=\"lazy\" decoding=\"async\" width=\"2560\" height=\"1920\" data-id=\"30\" src=\"https:\/\/k\u00e4ivitusabi.com\/wp-content\/uploads\/2021\/10\/IMG_20210802_175437-scaled.jpg\" alt=\"\" class=\"wp-image-30\" srcset=\"https:\/\/k\u00e4ivitusabi.com\/wp-content\/uploads\/2021\/10\/IMG_20210802_175437-scaled.jpg 2560w, https:\/\/k\u00e4ivitusabi.com\/wp-content\/uploads\/2021\/10\/IMG_20210802_175437-300x225.jpg 300w, https:\/\/k\u00e4ivitusabi.com\/wp-content\/uploads\/2021\/10\/IMG_20210802_175437-1024x768.jpg 1024w, https:\/\/k\u00e4ivitusabi.com\/wp-content\/uploads\/2021\/10\/IMG_20210802_175437-768x576.jpg 768w, https:\/\/k\u00e4ivitusabi.com\/wp-content\/uploads\/2021\/10\/IMG_20210802_175437-1536x1152.jpg 1536w, https:\/\/k\u00e4ivitusabi.com\/wp-content\/uploads\/2021\/10\/IMG_20210802_175437-2048x1536.jpg 2048w, https:\/\/k\u00e4ivitusabi.com\/wp-content\/uploads\/2021\/10\/IMG_20210802_175437-1568x1176.jpg 1568w\" sizes=\"auto, (max-width: 2560px) 100vw, 2560px\" \/><\/figure>\n<\/figure>\n\n\n\n<div class=\"wp-block-buttons is-layout-flex wp-block-buttons-is-layout-flex\">\n<div class=\"wp-block-button\"><a class=\"wp-block-button__link wp-element-button\" href=\"https:\/\/www.facebook.com\/permalink.php?story_fbid=823638056451013&amp;id=100064144770494&amp;ref=embed_post\">N\u00e4ide halvasti valitud akust<\/a><\/div>\n<\/div>\n<\/div>\n<\/div>\n\n\n\n<div class=\"wp-block-columns alignwide is-layout-flex wp-container-core-columns-is-layout-9d6595d7 wp-block-columns-is-layout-flex\">\n<div class=\"wp-block-column is-layout-flow wp-block-column-is-layout-flow\" style=\"flex-basis:67%\">\n<figure class=\"wp-block-gallery has-nested-images columns-default is-cropped wp-block-gallery-4 is-layout-flex wp-block-gallery-is-layout-flex\">\n<figure class=\"wp-block-image size-large\"><a href=\"https:\/\/k\u00e4ivitusabi.com\/?page_id=127\"><img loading=\"lazy\" decoding=\"async\" width=\"833\" height=\"625\" data-id=\"132\" src=\"https:\/\/k\u00e4ivitusabi.com\/wp-content\/uploads\/2024\/05\/IMG_20230127_135313_1.jpg\" alt=\"\" class=\"wp-image-132\" srcset=\"https:\/\/k\u00e4ivitusabi.com\/wp-content\/uploads\/2024\/05\/IMG_20230127_135313_1.jpg 833w, https:\/\/k\u00e4ivitusabi.com\/wp-content\/uploads\/2024\/05\/IMG_20230127_135313_1-300x225.jpg 300w, https:\/\/k\u00e4ivitusabi.com\/wp-content\/uploads\/2024\/05\/IMG_20230127_135313_1-768x576.jpg 768w\" sizes=\"auto, (max-width: 833px) 100vw, 833px\" \/><\/a><figcaption class=\"wp-element-caption\">Audi A3 kraavis N\u00f5mmel Tallinnas<\/figcaption><\/figure>\n\n\n\n<figure class=\"wp-block-image size-large\"><a href=\"https:\/\/k\u00e4ivitusabi.com\/?page_id=127\"><img loading=\"lazy\" decoding=\"async\" width=\"833\" height=\"625\" data-id=\"131\" src=\"https:\/\/k\u00e4ivitusabi.com\/wp-content\/uploads\/2024\/05\/IMG_20221027_171220.jpg\" alt=\"\" class=\"wp-image-131\" srcset=\"https:\/\/k\u00e4ivitusabi.com\/wp-content\/uploads\/2024\/05\/IMG_20221027_171220.jpg 833w, https:\/\/k\u00e4ivitusabi.com\/wp-content\/uploads\/2024\/05\/IMG_20221027_171220-300x225.jpg 300w, https:\/\/k\u00e4ivitusabi.com\/wp-content\/uploads\/2024\/05\/IMG_20221027_171220-768x576.jpg 768w\" sizes=\"auto, (max-width: 833px) 100vw, 833px\" \/><\/a><figcaption class=\"wp-element-caption\">Puksiirabi Koplis Tallinnas<\/figcaption><\/figure>\n<\/figure>\n\n\n\n<h2 class=\"wp-block-heading\"><\/h2>\n\n\n\n<h2 class=\"wp-block-heading\"><\/h2>\n<\/div>\n\n\n\n<div class=\"wp-block-column is-vertically-aligned-center is-layout-flow wp-block-column-is-layout-flow\" style=\"flex-basis:33%\">\n<p class=\"has-green-background-color has-text-color has-background has-extra-small-font-size\" style=\"color:#000000\">Auto \ud83d\ude97 akude m\u00fc\u00fck, paigaldus, vahetamine ja testimine kliendi asukohas. Auto \ud83d\ude97 aku vahetus kliendi asukohas alates <strong>27\u20ac<\/strong>. Eesti tingimustes on auto \ud83d\ude97 aku keskmine iga 3,5 aastat. Tugevamad akud kestavad kauem ja n\u00f5rgemad kestavad v\u00e4hem. <strong>Kui \ud83d\ude97 auto aku on l\u00e4bi, l\u00fchises v\u00f5i lihtsalt liiga vana, siis vahetame kliendi asukohas selle uue vastu.<\/strong> <strong>NB! Kui soovite aku vahetamist ja uut akut meie k\u00e4est, siis v\u00f5imaluse korral saatke meile olemasolevast akust pilt.<\/strong><\/p>\n<\/div>\n<\/div>\n\n\n\n<p class=\"has-blue-background-color has-background has-normal-font-size\">Millal kestavad autoakud kauem? Siis kui peale igat k\u00e4ivitamist suvistes tingimustes s\u00f5idetakse 30-45 minutit ning talvistes tingimustes 60-90 minutit.<\/p>\n\n\n\n<p><\/p>\n\n\n\n<p><\/p>\n<\/div><\/div>\n\n\n\n<p class=\"has-text-align-center\">info@k\u00e4ivitusabi.com<\/p>\n","protected":false},"excerpt":{"rendered":"<p>K\u00e4ivitusabi Tallinnas ja Harjumaal 24\/7 K\u00c4IVITUSABI 24\/7 12\/24V \ud83d\ude97\ud83d\ude9b\ud83c\udfcd\ud83d\ude9a\ud83d\ude8d\ud83d\ude9c SOODSAIM K\u00c4IVITUSABI TALLINNAS E-R 9.00-16.30 ALATES 27\u20ac\ud83d\ude97\ud83c\udfcd TASUMINE SULARAHAS V\u00d5I KAARDIMAKSE K\u00e4ivitusabi on lisavoolu andmine. K\u00e4ivitusabi ei ole autoremont. K\u00e4ivitusabi kutsutakse ka stardiabiks, akuabiks, akupuusteriks. Kui su s\u00f5iduki aku on t\u00fchi, siis v\u00f5ib lisavool ehk k\u00e4ivitusabi aidata. Auto \ud83d\ude97 akude m\u00fc\u00fck, paigaldus, vahetamine ja testimine kliendi&hellip; <a class=\"more-link\" href=\"https:\/\/k\u00e4ivitusabi.com\/\">Continue reading <span class=\"screen-reader-text\">K\u00e4ivitusabi Tallinnas ja Harjumaal 24h<\/span><\/a><\/p>\n","protected":false},"author":1,"featured_media":32,"parent":0,"menu_order":-1,"comment_status":"closed","ping_status":"closed","template":"","meta":{"footnotes":"[]"},"class_list":["post-68","page","type-page","status-publish","has-post-thumbnail","hentry","entry"],"_links":{"self":[{"href":"https:\/\/k\u00e4ivitusabi.com\/index.php?rest_route=\/wp\/v2\/pages\/68","targetHints":{"allow":["GET"]}}],"collection":[{"href":"https:\/\/k\u00e4ivitusabi.com\/index.php?rest_route=\/wp\/v2\/pages"}],"about":[{"href":"https:\/\/k\u00e4ivitusabi.com\/index.php?rest_route=\/wp\/v2\/types\/page"}],"author":[{"embeddable":true,"href":"https:\/\/k\u00e4ivitusabi.com\/index.php?rest_route=\/wp\/v2\/users\/1"}],"replies":[{"embeddable":true,"href":"https:\/\/k\u00e4ivitusabi.com\/index.php?rest_route=%2Fwp%2Fv2%2Fcomments&post=68"}],"version-history":[{"count":19,"href":"https:\/\/k\u00e4ivitusabi.com\/index.php?rest_route=\/wp\/v2\/pages\/68\/revisions"}],"predecessor-version":[{"id":154,"href":"https:\/\/k\u00e4ivitusabi.com\/index.php?rest_route=\/wp\/v2\/pages\/68\/revisions\/154"}],"wp:featuredmedia":[{"embeddable":true,"href":"https:\/\/k\u00e4ivitusabi.com\/index.php?rest_route=\/wp\/v2\/media\/32"}],"wp:attachment":[{"href":"https:\/\/k\u00e4ivitusabi.com\/index.php?rest_route=%2Fwp%2Fv2%2Fmedia&parent=68"}],"curies":[{"name":"wp","href":"https:\/\/api.w.org\/{rel}","templated":true}]}}